{"id":770,"date":"2020-06-16T12:52:31","date_gmt":"2020-06-16T10:52:31","guid":{"rendered":"https:\/\/eigeninitiative-berlin.de\/kpe\/?page_id=770"},"modified":"2022-03-29T16:52:22","modified_gmt":"2022-03-29T14:52:22","slug":"ihre-erfahrungen-sind-wichtig","status":"publish","type":"page","link":"https:\/\/eigeninitiative-berlin.de\/kpe\/ihre-erfahrungen-sind-wichtig\/","title":{"rendered":"Ihre Erfahrungen sind wichtig!"},"content":{"rendered":"<h1>Ihre Erfahrungen sind wichtig!<\/h1>\n<p><span style=\"color: #000000;\"><span style=\"caret-color: #000000;\">Ihre Erfahrungen, Ihr Wissen in der Pflege und Begleitung eines nahestehenden Menschen sind von unsch\u00e4tzbarem Wert. Sie k\u00f6nnen aus Ihrem Alltag berichten wie sich die Pflege anf\u00fchlt, welche H\u00fcrden und Herausforderungen zu nehmen sind, welche Steine einem immer wieder in den Weg gelegt werden, aber auch wieviele herzliche Momente\u00a0 und Dankbarkeit in dieser Aufgabe stecken. <\/span><\/span><\/p>\n<p><span style=\"color: #000000;\">Hier m\u00f6chten wir Ihnen Veranstaltungen, Foren oder andere M\u00f6glichkeiten des Austausches aufzeigen, bei denen Sie als pflegende Angeh\u00f6rige zu Wort kommen k\u00f6nnen und Ihr KnowHow gefragt ist oder Ihre W\u00fcnsche ein Geh\u00f6r finden.<\/span><\/p>\n<div class=\"omsc-toggle\"><div class=\"omsc-toggle-title\">B\u00fcrgerforschungsprojekt sucht Co-Forschende in Treptow-K\u00f6penick<\/div><div class=\"omsc-toggle-inner\"><\/p>\n<p>Das Familienfforschungsprojekt Fam Gesund m\u00f6chte sich den Familienalltag von Familien mit Kindern bis zu 21 Jahren, in denen ein Elternteil mit einer k\u00f6rperlich chronischen Erkrankung lebt, genauer anschauen. Ziel ist es herauszufinden, welche Informationen, Veranstaltungen und Angebote Familien in solch einer Situation helfen k\u00f6nnen.<\/p>\n<p>Hierbei ist ein Erfahrungswissen von essentieller Bedeutung. Es besteht die Chance, das Angebote entwickelt werden, die den Betroffenen wirklichen helfen. Sie werden aus Ihrem Erleben, aus Ihrem Wissen heraus konzipiert. Daher haben Sie Mut in der Forschungsgruppe mitzuarbeiten.<\/p>\n<p>Die Forschungsgruppe m\u00f6chte gern am 6.10. 2021 starten. Sie wird von dem Alexianer Krankenhaus in Hedwigsh\u00f6he initiert und von der Katholischen Hoschule f\u00fcr Sozialwesen Berlin fachlich unterst\u00fctzt.<\/p>\n<p>weitere Informationen finden Sie hier: <a href=\"https:\/\/eigeninitiative-berlin.de\/kpe\/wp-content\/uploads\/2021\/09\/FamGesund_Co-Forschende-gesucht_09.2021.pdf\">FamGesund_Co-Forschende gesucht_09.2021<\/a><\/p>\n<p>F\u00fcr Fragen steht Ihnen Frau Adam zur Seite: 030 50 10 10 909 oder yvonne.adam@khsb-berlin.de (Katholische Hochschule) oder Herr Klein: 030 50 10 10 997 oder u.klein@alexianer.de (Krankenhaus Hedwigsh\u00f6he).<\/p>\n<p><\/div><\/div>\n<div class=\"omsc-toggle\"><div class=\"omsc-toggle-title\">Umfrage- Lebensgestaltung in der Demenzversorgung<\/div><div class=\"omsc-toggle-inner\"><\/p>\n<p>Mit einer telefonischen Befragung von 90 Minuten m\u00f6chten das Team des Deuteschen Zentrums f\u00fcr neurodegenerative Etkrankungen (DZNE) sichtbar machen, welche pers\u00f6nlichen Erfahrungen mit nicht-medizinischen Angeboten f\u00fcr die Lebensgestaltung f\u00fcr Menschen mit Demenz gemacht werden. Gesucht werden Menschen, die in der Pflege und Betreuung t\u00e4tig sind sowie pflegende Angeh\u00f6rige und Zugeh\u00f6rige.<\/p>\n<p>Gesucht wird bis zum Sommer 2022. Ansprechpartnerin ist Frau Nadja Ziegert: +49 3834 86-7601 oder Nadja.Ziegert@dzne.de<\/p>\n<p>Weitere Informationen finden Sie auf der <a href=\"https:\/\/www.dzne.de\/forschung\/studien\/projekte-der-versorgungsforschung\/lifeact\/\">Homepage <\/a>oder auf dem <a href=\"https:\/\/www.alzheimer-brandenburg.de\/Flyer_Lebensversorgung_Demenzgestaltung.pdf\">Flyer.<\/a><\/p>\n<p><\/div><\/div>\n<p><span style=\"color: #000000;\"><span style=\"caret-color: #000000;\"><div class=\"omsc-toggle\"><div class=\"omsc-toggle-title\">Erfahrungswissen teilen mit dem Zentrum f\u00fcr Qualit\u00e4t in der Pflege<\/div><div class=\"omsc-toggle-inner\"><\/span><\/span><\/p>\n<p>Das Zentrum f\u00fcr Qualit\u00e4t in der Pflege hat nicht nur hilfreiche Tipps f\u00fcr pflegende Angeh\u00f6rige, sondern sind an Ihren Erfahrungen in der Pandemie-Zeit interessiert. Anonymisiert k\u00f6nnen Sie Ihre Erlebnisse und Herausforderungen in der Zeit des Lockdowns und der nachfolgenden Zeit niederschreiben und dem Zentrum zur Verf\u00fcgung stellen. Ihre Geschichten werden gesammelt und zur Konzeptentwicklung f\u00fcr zuk\u00fcnftige Ausnahmesituationen ausgewertet. Erfahrungswissen ist in dieser Zeit ein unsch\u00e4tzbares Gut, deshalb schauen Sie mal hinein <a href=\"https:\/\/www.zqp.de\/covid19\/\">https:\/\/www.zqp.de\/covid19\/<\/a>oder schreiben direkt an:<em> krisenerfahrung@zqp.de<\/em><\/p>\n<p><\/div><\/div><\/p>\n<p><span style=\"color: #000000;\">Erste Ergebnisse aus einer Befragung von pflegenden Angeh\u00f6rigen in der Corona-Zeit wurden bereits ver\u00f6ffentlicht. Hier finden Sie eine Zusammenfassung und k\u00f6nnen bei Interesse den gesamten Bericht als PDF herunterladen.<\/span><\/p>\n<p><a href=\"https:\/\/www.zqp.de\/corona-pflegende-angehoerige\/\">https:\/\/www.zqp.de\/corona-pflegende-angehoerige\/<\/a><\/p>\n<div class=\"omsc-toggle\"><div class=\"omsc-toggle-title\">ZQP sucht Interviewpartner:innen - Erfahrungen mit ambulanten Pflegediensten<\/div><div class=\"omsc-toggle-inner\"><\/p>\n<p><strong>Sie sind gefragt!<\/strong><br \/>\nHaben Sie Erfahrungen mit der Arbeit ambulanter Pflegedienste? M\u00f6chten Sie etwas zur Sicherheitskultur in der Pflege beitragen? Wenn ja, lesen Sie bitte folgenden Beitrag.<\/p>\n<p>Wen sucht das ZQP? Pflegefachpersonen, die f\u00fcr einen ambulanten Pflegedienst t\u00e4tig sind, Angeh\u00f6rige von \u00e4lteren pflegebed\u00fcrftigen Menschen und \u00c4ltere Menschen, die von einem ambulanten Pflegedienst unterst\u00fctzt werden.<\/p>\n<p>Worum geht es? Um Ihre Erfahrung mit der Arbeit ambulanter Pflegedienste in der Langzeitpflege und Ihre Einsch\u00e4tzung zum Thema Patientensicherheit in der ambulanten Pflege.<\/p>\n<p>Wie l\u00e4uft das Interview ab? Das Interview dauert 60 Minuten, zuvor gibt es eine pers\u00f6nliche Terminabsprache. Das Interview kann per Telefon, per Video oder in den R\u00e4umen des ZQP in Berlin-Mitte erfolgen. Ihre Daten und Aussagen werden anonymisiert aufgenommen.<\/p>\n<p>F\u00fcr Ihren Aufwand erhalten Sie einen Einkaufsgutschein im Wert von 40 Euro.<br \/>\nIhre Reisekosten werde im Rahmen des Bundesreisekostengesetzes erstattet.<\/p>\n<p>Wenn Sie zu einem Interview bereit sind, schreiben Sie bitte eine E-Mail an <a href=\"mailto:teilnahme@zqp.de\">teilnahme@zqp.de<\/a>. F\u00fcr Fragen steht Ihnen Frau Sandra Garay gerne zur Verf\u00fcgung. Telefon: (030) 275 93 95-23 \u00b7 E-Mail: <a href=\"mailto:sandra.garay@zqp.de\">sandra.garay@zqp.de<\/a><\/p>\n<p><em>Quelle: Newsletter der Fachstelle f\u00fcr pflegende Angeh\u00f6rige vom 05\/2021.<\/em><\/p>\n<p><\/div><\/div>\n<p>&nbsp;<\/p>\n","protected":false},"excerpt":{"rendered":"<p>Ihre Erfahrungen sind wichtig! Ihre Erfahrungen, Ihr Wissen in der Pflege und Begleitung eines nahestehenden Menschen sind von unsch\u00e4tzbarem Wert. Sie k\u00f6nnen aus Ihrem Alltag berichten wie sich die Pflege anf\u00fchlt, welche H\u00fcrden und Herausforderungen zu nehmen sind, welche Steine<\/p>\n","protected":false},"author":5,"featured_media":0,"parent":0,"menu_order":0,"comment_status":"closed","ping_status":"closed","template":"","meta":{"footnotes":""},"class_list":["post-770","page","type-page","status-publish","hentry"],"publishpress_future_action":{"enabled":false,"date":"2026-05-13 12:14:02","action":"change-status","newStatus":"draft","terms":[],"taxonomy":"","extraData":[]},"publishpress_future_workflow_manual_trigger":{"enabledWorkflows":[]},"_links":{"self":[{"href":"https:\/\/eigeninitiative-berlin.de\/kpe\/wp-json\/wp\/v2\/pages\/770","targetHints":{"allow":["GET"]}}],"collection":[{"href":"https:\/\/eigeninitiative-berlin.de\/kpe\/wp-json\/wp\/v2\/pages"}],"about":[{"href":"https:\/\/eigeninitiative-berlin.de\/kpe\/wp-json\/wp\/v2\/types\/page"}],"author":[{"embeddable":true,"href":"https:\/\/eigeninitiative-berlin.de\/kpe\/wp-json\/wp\/v2\/users\/5"}],"replies":[{"embeddable":true,"href":"https:\/\/eigeninitiative-berlin.de\/kpe\/wp-json\/wp\/v2\/comments?post=770"}],"version-history":[{"count":10,"href":"https:\/\/eigeninitiative-berlin.de\/kpe\/wp-json\/wp\/v2\/pages\/770\/revisions"}],"predecessor-version":[{"id":1135,"href":"https:\/\/eigeninitiative-berlin.de\/kpe\/wp-json\/wp\/v2\/pages\/770\/revisions\/1135"}],"wp:attachment":[{"href":"https:\/\/eigeninitiative-berlin.de\/kpe\/wp-json\/wp\/v2\/media?parent=770"}],"curies":[{"name":"wp","href":"https:\/\/api.w.org\/{rel}","templated":true}]}}