{"id":62,"date":"2016-08-16T15:57:46","date_gmt":"2016-08-16T13:57:46","guid":{"rendered":"http:\/\/eigeninitiative-berlin.de\/kpe\/?page_id=62"},"modified":"2021-06-22T11:46:39","modified_gmt":"2021-06-22T09:46:39","slug":"selbsthilfe-2","status":"publish","type":"page","link":"https:\/\/eigeninitiative-berlin.de\/kpe\/selbsthilfe-2\/","title":{"rendered":"Angebote"},"content":{"rendered":"<h2>Sie sind f\u00fcr andere da. Wir sind f\u00fcr Sie da.<\/h2>\n<p>Die Pflege \u00e4lterer Menschen wird in gro\u00dfem Umfang von Familienangeh\u00f6rigen geleistet, die h\u00e4ufig 24 Stunden t\u00e4glich im Einsatz sind. Diese Zeit kann sehr bereichernd sein, in vielen F\u00e4llen sto\u00dfen Angeh\u00f6rige oft auch an ihre Grenzen. Wut, Aggression, Verzweiflung, Hilflosigkeit&#8230; sind einige Gef\u00fchle, die Angeh\u00f6rige im Gespr\u00e4ch \u00e4u\u00dfern.<\/p>\n<p>In dieser Zeit m\u00f6chten wir gern f\u00fcr Sie da sein!<\/p>\n<p>Wir bieten Ihnen:<\/p>\n<div class=\"omsc-toggle\"><div class=\"omsc-toggle-title\">vertrauliche Gespr\u00e4che<\/div><div class=\"omsc-toggle-inner\"> Nehmen Sie gern telefonisch mit uns Kontakt auf, kommen Sie pers\u00f6nlich zu den Sprechzeiten oder vereinbaren Sie einen Termin. Auf Wunsch kommen wir auch zu Ihnen nach Hause.<\/p>\n<p><span style=\"color: #800000;\">Mit einer telefonischen Voranmeldung ist es weiter m\u00f6glich zu uns in die Kontaktstelle PflegeEngagement nach Adlershof zu kommen. Alle daf\u00fcr notwendigen Ma\u00dfnahmen und Vorkehrungen erfahren Sie am Telefon oder k\u00f6nnen diese unter <a href=\"https:\/\/eigeninitiative-berlin.de\/kpe\/?page_id=211&amp;preview=true\">\u00a0Corona-Schutzma\u00dfnahmen <\/a>einsehen.<\/span><\/p>\n<p>Psychologische ONLINE-Beratung f\u00fcr pflegende Angeh\u00f6rige finden Sie unter <a href=\"http:\/\/www.pflegen-und-leben.de\/\">pflegen-und-leben.de <\/a><\/div><\/div>\n<div class=\"omsc-toggle\"><div class=\"omsc-toggle-title\">Gespr\u00e4chsgruppen<\/div><div class=\"omsc-toggle-inner\"> In Gespr\u00e4chsgruppen finden Sie Menschen, die sich in einer \u00e4hnlichen Lebenssituation befinden. Die Gruppen sind gepr\u00e4gt von Verst\u00e4ndnis und wechselseitiger Unterst\u00fctzung. Sie werden ehrenamtlich und fachlich begleitet.<\/p>\n<p>Sie m\u00f6chten sich einer Gruppe anschlie\u00dfen oder eventuell eine neue gr\u00fcnden? Wir unterst\u00fctzen Sie dabei.<\/p>\n<p><span style=\"color: #800000;\">Aufgrund der Corona-Schutzma\u00dfnahmen finden aktuell nur begrenzt und an anderen Orten Gruppentreffen statt. Gern k\u00f6nnen Sie sich \u00fcber unsere Gruppen informieren. <\/span><\/div><\/div>\n<div class=\"omsc-toggle\"><div class=\"omsc-toggle-title\">ehrenamtliche Besuche<\/div><div class=\"omsc-toggle-inner\"> Mit kostenfreien Besuchen f\u00fcr die pflegebed\u00fcrftige Person, m\u00f6chten wir Angeh\u00f6rigen Freir\u00e4ume und Entlastung schaffen. Diese Zeit schenken Ihnen qualifizierte ehrenamtliche Helfer, die mit viel Freude andere Menschen unterst\u00fctzen.<\/p>\n<p>Freiwillige Helfer haben auch ein offenes Ohr f\u00fcr Sie als pflegender Angeh\u00f6riger. Sie stehen Ihnen als Ansprechpartner zur Seite mit Ihren Fragen, Sorgen und \u00c4ngsten. <\/div><\/div>\n<div class=\"omsc-toggle\"><div class=\"omsc-toggle-title\">Information und Auskunft<\/div><div class=\"omsc-toggle-inner\"> Informiert zu sein, ist oft der erste Schritt zur Entlastung. So geben wir Ihnen Auskunft \u00fcber Hilfs- und Unterst\u00fctzungsangebote oder vermitteln bei Bedarf an spezialisierte Beratungsstellen. Gern k\u00f6nnen Sie auch unsere <a href=\"http:\/\/eigeninitiative-berlin.de\/kpe\/berlin\/veranstaltungen\/\">Informationsveranstaltungen <\/a>besuchen<span style=\"color: #800000;\">.<\/span> <\/div><\/div>\n<div class=\"omsc-toggle\"><div class=\"omsc-toggle-title\">Nachbarschaft<\/div><div class=\"omsc-toggle-inner\"> Kleine und schnelle Hilfen sind oft sehr wertvoll, wie das Briefkastenleeren oder Hinterlegen des Schl\u00fcssels f\u00fcr den Notfall. Wir helfen Ihnen dabei nachbarschaftliche Kontakte zu kn\u00fcpfen und Hilfenetze aufzubauen. <\/div><\/div>\n<div class=\"omsc-toggle\"><div class=\"omsc-toggle-title\">Entlastungsgruppen<\/div><div class=\"omsc-toggle-inner\"> Gemeinsame Aktivit\u00e4ten wie Bewegung, ein Spaziergang oder ein kreatives Miteinander, helfen dabei neue Energie f\u00fcr den Alltag zu gewinnen. Dabei unter Menschen in \u00e4hnlicher Situation zu sein, st\u00e4rkt die Zusammengeh\u00f6rigkeit und erm\u00f6glicht das eine oder andere entlastende Gespr\u00e4ch am Rande. Bei Interesse und auf Wunsch regen wir zu gegenseitiger Hilfe bei der Alltags- und Freizeitgestaltung an. Schauen Sie bei den <a href=\"http:\/\/eigeninitiative-berlin.de\/kpe\/gruppen\/\">Gruppenangebote <\/a>rein.<\/p>\n<p><span style=\"color: #800000;\">Aufgrund der Corona-Schutzma\u00dfnahmen finden aktuell keine Gruppen in unseren R\u00e4umen statt. Derzeit finden einige Gruppen zu anderen Zeiten und Orten statt, informieren Sie sich gern unter unter der Rubrik <a href=\"http:\/\/eigeninitiative-berlin.de\/kpe\/gruppen\/\">Gruppenangebote<\/a>.\u00a0<\/span><\/p>\n<p><\/div><\/div>\n","protected":false},"excerpt":{"rendered":"<p>Sie sind f\u00fcr andere da. Wir sind f\u00fcr Sie da. Die Pflege \u00e4lterer Menschen wird in gro\u00dfem Umfang von Familienangeh\u00f6rigen geleistet, die h\u00e4ufig 24 Stunden t\u00e4glich im Einsatz sind. Diese Zeit kann sehr bereichernd sein, in vielen F\u00e4llen sto\u00dfen Angeh\u00f6rige<\/p>\n","protected":false},"author":6,"featured_media":0,"parent":0,"menu_order":0,"comment_status":"closed","ping_status":"closed","template":"","meta":{"footnotes":""},"class_list":["post-62","page","type-page","status-publish","hentry"],"publishpress_future_action":{"enabled":false,"date":"2026-05-11 13:08:41","action":"change-status","newStatus":"draft","terms":[],"taxonomy":"","extraData":[]},"publishpress_future_workflow_manual_trigger":{"enabledWorkflows":[]},"_links":{"self":[{"href":"https:\/\/eigeninitiative-berlin.de\/kpe\/wp-json\/wp\/v2\/pages\/62","targetHints":{"allow":["GET"]}}],"collection":[{"href":"https:\/\/eigeninitiative-berlin.de\/kpe\/wp-json\/wp\/v2\/pages"}],"about":[{"href":"https:\/\/eigeninitiative-berlin.de\/kpe\/wp-json\/wp\/v2\/types\/page"}],"author":[{"embeddable":true,"href":"https:\/\/eigeninitiative-berlin.de\/kpe\/wp-json\/wp\/v2\/users\/6"}],"replies":[{"embeddable":true,"href":"https:\/\/eigeninitiative-berlin.de\/kpe\/wp-json\/wp\/v2\/comments?post=62"}],"version-history":[{"count":10,"href":"https:\/\/eigeninitiative-berlin.de\/kpe\/wp-json\/wp\/v2\/pages\/62\/revisions"}],"predecessor-version":[{"id":990,"href":"https:\/\/eigeninitiative-berlin.de\/kpe\/wp-json\/wp\/v2\/pages\/62\/revisions\/990"}],"wp:attachment":[{"href":"https:\/\/eigeninitiative-berlin.de\/kpe\/wp-json\/wp\/v2\/media?parent=62"}],"curies":[{"name":"wp","href":"https:\/\/api.w.org\/{rel}","templated":true}]}}