{"id":56,"date":"2016-08-16T14:00:53","date_gmt":"2016-08-16T12:00:53","guid":{"rendered":"http:\/\/eigeninitiative-berlin.de\/kpe\/?page_id=56"},"modified":"2026-02-05T13:25:46","modified_gmt":"2026-02-05T12:25:46","slug":"kontakt","status":"publish","type":"page","link":"https:\/\/eigeninitiative-berlin.de\/kpe\/kontakt\/","title":{"rendered":"So finden Sie uns"},"content":{"rendered":"<div class=\"omsc-tabs\"><ul class=\"omsc-tabs-control omsc-clearfix\"><li><a href=\"#tab-sprechzeiten-und-kontakt\"><span>Sprechzeiten und Kontakt<\/span><\/a><\/li><li><a href=\"#tab-anfahrt\"><span>Anfahrt<\/span><\/a><\/li><li><a href=\"#tab-kontaktformular\"><span>Kontaktformular<\/span><\/a><\/li><\/ul><div class=\"omsc-tabs-tabs\"><br \/>\n<div class=\"omsc-tabs-tab omsc-tab-sprechzeiten-und-kontakt\"><\/p>\n<p><div class=\"omsc-one-third\">\n<h3>Wir sind f\u00fcr Sie da:<\/h3>\n<p><strong>Silke Hofmann<\/strong> (Sozialarbeiterin)<br \/>\n<strong>Tatjana Menschel-Pidd\u00a0<\/strong>(Sozialp\u00e4dagogin)<\/p>\n<p><div class=\"clear\"><\/div><\/div><\/p>\n<h3>Erreichbarkeit:<\/h3>\n<p>Kontaktstelle PflegeEngagement (KPE) | Friedenstra\u00dfe 15 |\u00a012489 Berlin<br \/>\nTelefon: 030- 22 68 48 02<br \/>\n<a href=\"mailto:kpe-tk@goldnetz-berlin.de\">kpe-tk@goldnetz-berlin.de<br \/>\n<\/a><\/p>\n<p><div class=\"omsc-one-third omsc-last\">\n<h3>Unsere Sprechzeiten:<\/h3>\n<ul>\n<li><strong>Pers\u00f6nliche, telefonische Erreichbarkeit Mo 10:00 bis 12:00 Uhr und Mi von 13:00 bis 15:00 Uhr. <\/strong>Sollten wir nicht gleich ans Telefon gehen, befinden wir uns bereits in einem Gespr\u00e4ch. F\u00fcr diesen Fall ist der Anrufbeantworter geschaltet. Hinterlassen Sie uns bitte eine Nachricht. Wir h\u00f6ren den Anrufbeantworter regelm\u00e4\u00dfig ab und rufen dann zur\u00fcck.<\/li>\n<li><strong>Pers\u00f6nliche Gespr\u00e4che sind von Mo &#8211; Fr nach vorheriger telefonischer Anmeldung m\u00f6glich. Rufen Sie uns gerne an, um einen individuellen Termin mit uns zu vereinbaren.<br \/>\n<\/strong><\/li>\n<li>Nutzen Sie auch gerne die M\u00f6glichkeit uns eine Email zu schreiben.<\/li>\n<\/ul>\n<p>Das Team der Kontaktstelle PflegeEngagement<\/p>\n<p>&nbsp;<\/p>\n<p>&nbsp;<\/p>\n<p><div class=\"clear\"><\/div><\/div><div class=\"omsc-clear\"><\/div><\/p>\n<p><\/div><\/p>\n<p><div class=\"omsc-tabs-tab omsc-tab-anfahrt\"><\/p>\n<h2>Anfahrt<\/h2>\n<p>Verkehrsverbindungen:<br \/>\nS-Bhf Adlershof: S 45, S 46, S 8, S85, S 9; Tram 61, 63; Bus 162, 163, 164, 260<\/p>\n<p>Klick auf die Karte f\u00fchrt Sie zum Google Maps Routenplaner:<\/p>\n<p><a href=\"https:\/\/goo.gl\/maps\/P98wGv9JRMCzmo1c8\"><img loading=\"lazy\" decoding=\"async\" class=\"alignnone wp-image-662 size-full\" src=\"https:\/\/eigeninitiative-berlin.de\/kpe\/wp-content\/uploads\/2020\/02\/Anfahrt-KPE.jpg\" alt=\"Anfahrt KPE\" width=\"1100\" height=\"420\" srcset=\"https:\/\/eigeninitiative-berlin.de\/kpe\/wp-content\/uploads\/2020\/02\/Anfahrt-KPE.jpg 1100w, https:\/\/eigeninitiative-berlin.de\/kpe\/wp-content\/uploads\/2020\/02\/Anfahrt-KPE-300x115.jpg 300w, https:\/\/eigeninitiative-berlin.de\/kpe\/wp-content\/uploads\/2020\/02\/Anfahrt-KPE-1024x391.jpg 1024w, https:\/\/eigeninitiative-berlin.de\/kpe\/wp-content\/uploads\/2020\/02\/Anfahrt-KPE-768x293.jpg 768w\" sizes=\"auto, (max-width: 1100px) 100vw, 1100px\" \/><\/a><br \/>\n<\/div><br \/>\n<div class=\"omsc-tabs-tab omsc-tab-kontaktformular\"><\/p>\n<p><script src=\"https:\/\/www.dw-formmailer.de\/forms_js.php?f=7418_97471\" type=\"text\/javascript\"><\/script><\/p>\n<p><\/div><br \/>\n<\/div><div class=\"omsc-clear\"><\/div><\/div>\n","protected":false},"excerpt":{"rendered":"","protected":false},"author":6,"featured_media":0,"parent":0,"menu_order":0,"comment_status":"closed","ping_status":"closed","template":"","meta":{"footnotes":""},"class_list":["post-56","page","type-page","status-publish","hentry"],"publishpress_future_action":{"enabled":false,"date":"2026-05-11 14:17:52","action":"change-status","newStatus":"draft","terms":[],"taxonomy":"","extraData":[]},"publishpress_future_workflow_manual_trigger":{"enabledWorkflows":[]},"_links":{"self":[{"href":"https:\/\/eigeninitiative-berlin.de\/kpe\/wp-json\/wp\/v2\/pages\/56","targetHints":{"allow":["GET"]}}],"collection":[{"href":"https:\/\/eigeninitiative-berlin.de\/kpe\/wp-json\/wp\/v2\/pages"}],"about":[{"href":"https:\/\/eigeninitiative-berlin.de\/kpe\/wp-json\/wp\/v2\/types\/page"}],"author":[{"embeddable":true,"href":"https:\/\/eigeninitiative-berlin.de\/kpe\/wp-json\/wp\/v2\/users\/6"}],"replies":[{"embeddable":true,"href":"https:\/\/eigeninitiative-berlin.de\/kpe\/wp-json\/wp\/v2\/comments?post=56"}],"version-history":[{"count":10,"href":"https:\/\/eigeninitiative-berlin.de\/kpe\/wp-json\/wp\/v2\/pages\/56\/revisions"}],"predecessor-version":[{"id":1244,"href":"https:\/\/eigeninitiative-berlin.de\/kpe\/wp-json\/wp\/v2\/pages\/56\/revisions\/1244"}],"wp:attachment":[{"href":"https:\/\/eigeninitiative-berlin.de\/kpe\/wp-json\/wp\/v2\/media?parent=56"}],"curies":[{"name":"wp","href":"https:\/\/api.w.org\/{rel}","templated":true}]}}