{"id":42,"date":"2016-08-16T10:52:38","date_gmt":"2016-08-16T08:52:38","guid":{"rendered":"http:\/\/eigeninitiative-berlin.de\/kpe\/?page_id=42"},"modified":"2025-10-14T15:47:34","modified_gmt":"2025-10-14T13:47:34","slug":"kontaktstelle-pflegeengagement","status":"publish","type":"page","link":"https:\/\/eigeninitiative-berlin.de\/kpe\/kontaktstelle-pflegeengagement\/","title":{"rendered":"\u00dcber uns"},"content":{"rendered":"<h2>Pflege &#8211; Selbst &#8211; Hilfe<br \/>\nf\u00fcr pflegende Angeh\u00f6rige<\/h2>\n<p>Ausgehend von dem Wissen, dass bundesweit der gr\u00f6\u00dfte Anteil der Pflege von Familienangeh\u00f6rigen geleistet wird, entstand die \u00dcberzeugung, dass die Angeh\u00f6rigen unterst\u00fctzt und gest\u00e4rkt werden sollten.<br \/>\nSo wurde 2010 f\u00fcr Berlin ein Netzwerk aus 12 Unterst\u00fctzungsstellen auf den Weg gebracht, die als lokale <em>Kontaktstellen PflegeEngagement<\/em> Angeh\u00f6rigen in der Situation der Pflege begleiten.<br \/>\nSeit \u00fcber 10 Jahren schenken wir pflegenden Angeh\u00f6rigen die notwendige Aufmerksamkeit und Wertsch\u00e4tzung. Wie bunt und vielf\u00e4ltig diese sein kann, k\u00f6nnen Sie auf unserem\u00a0 <a href=\"https:\/\/www.youtube.com\/watch?v=oqWBIrpRE00\">You-Tube-Video<\/a> ansehen.<\/p>\n<p>Wenn Sie eine nahestehenden Menschen pflegen oder betreuen, haben wir ein offenes Ohr f\u00fcr Sie! Wir nehmen uns Zeit f\u00fcr Ihre Fragen, Erlebnisse oder Sorgen.<\/p>\n<p>Schauen Sie gern in unsere <a href=\"http:\/\/eigeninitiative-berlin.de\/kpe\/selbsthilfe\/\">Angebote<\/a> rein oder erhalten Sie einen kleinen Einblick in einem <a href=\"http:\/\/eigeninitiative-berlin.de\/kpe\/video-entlastung-haeuslicher-pflege\/\">5-min-Video<\/a>.<\/p>\n<p>________________________________________________________________________________<\/p>\n<p><span style=\"color: #800000;\">Hinweis! <\/span><\/p>\n<p><span style=\"color: #800000;\">Aktuell k\u00f6nnen wir wie folgt f\u00fcr Sie da sein:<br \/>\n<\/span><\/p>\n<ul>\n<li><strong>Pers\u00f6nliche, telefonische Erreichbarkeit montags 10 &#8211; 12 Uhr &amp; mittwochs 13 &#8211; 15 Uhr. <\/strong><span style=\"color: #800000;\">Sollten wir nicht gleich ans Telefon gehen, befinden wir uns bereits in einem Gespr\u00e4ch. F\u00fcr diesen Fall ist der Anrufbeantworter geschaltet. Hinterlassen Sie uns bitte eine Nachricht. Wir h\u00f6ren d<\/span><span style=\"color: #800000;\">en Anrufbeantworter regelm\u00e4\u00dfig ab und rufen dann zur\u00fcck.<\/span><\/li>\n<li><strong>In den \u00fcbrigen Zeiten ist der Anrufbeantworter geschaltet. In der Zeit von Mo-Fr. 10:00 bis 15:00 Uhr h\u00f6ren wir diesen regelm\u00e4\u00dfig ab und rufen auf Wunsch zur\u00fcck. Bitte nutzen Sie auch die M\u00f6glichkeit uns eine E-Mail zu schreiben.<br \/>\n<\/strong><\/li>\n<li><strong>Pers\u00f6nliche Gespr\u00e4che k\u00f6nnen individuell von Mo &#8211; Fr. vereinbart werden. Wir bitten um telefonische Anmeldung.<\/strong><span style=\"color: #800000;\"><br \/>\n<\/span><\/li>\n<\/ul>\n<p><strong>Gruppenangebote und Veranstaltungen werden den aktuellen Gegebenheiten angepasst. Bitte beachten Sie die aktuellen Hygienevorschriften.<br \/>\n<\/strong><\/p>\n<p><span style=\"color: #800000;\">Ihr Team der Kontaktstelle PflegeEngagement<br \/>\n<\/span><\/p>\n<p>(14.10.2025)<\/p>\n<p>____________________________________________________________________<\/p>\n<p><img loading=\"lazy\" decoding=\"async\" class=\"alignnone size-medium wp-image-1168\" src=\"https:\/\/eigeninitiative-berlin.de\/kpe\/wp-content\/uploads\/2023\/08\/Foerderhinweis2023_b_B_SEN_WGPG_SELKO-hoch-1-300x126.jpg\" alt=\"\" width=\"300\" height=\"126\" srcset=\"https:\/\/eigeninitiative-berlin.de\/kpe\/wp-content\/uploads\/2023\/08\/Foerderhinweis2023_b_B_SEN_WGPG_SELKO-hoch-1-300x126.jpg 300w, https:\/\/eigeninitiative-berlin.de\/kpe\/wp-content\/uploads\/2023\/08\/Foerderhinweis2023_b_B_SEN_WGPG_SELKO-hoch-1-768x322.jpg 768w, https:\/\/eigeninitiative-berlin.de\/kpe\/wp-content\/uploads\/2023\/08\/Foerderhinweis2023_b_B_SEN_WGPG_SELKO-hoch-1.jpg 1000w\" sizes=\"auto, (max-width: 300px) 100vw, 300px\" \/><\/p>\n","protected":false},"excerpt":{"rendered":"<p>Pflege &#8211; Selbst &#8211; Hilfe f\u00fcr pflegende Angeh\u00f6rige Ausgehend von dem Wissen, dass bundesweit der gr\u00f6\u00dfte Anteil der Pflege von Familienangeh\u00f6rigen geleistet wird, entstand die \u00dcberzeugung, dass die Angeh\u00f6rigen unterst\u00fctzt und gest\u00e4rkt werden sollten. So wurde 2010 f\u00fcr Berlin ein<\/p>\n","protected":false},"author":6,"featured_media":0,"parent":0,"menu_order":0,"comment_status":"closed","ping_status":"closed","template":"","meta":{"footnotes":""},"class_list":["post-42","page","type-page","status-publish","hentry"],"publishpress_future_action":{"enabled":false,"date":"2026-05-13 12:11:40","action":"change-status","newStatus":"draft","terms":[],"taxonomy":"","extraData":[]},"publishpress_future_workflow_manual_trigger":{"enabledWorkflows":[]},"_links":{"self":[{"href":"https:\/\/eigeninitiative-berlin.de\/kpe\/wp-json\/wp\/v2\/pages\/42","targetHints":{"allow":["GET"]}}],"collection":[{"href":"https:\/\/eigeninitiative-berlin.de\/kpe\/wp-json\/wp\/v2\/pages"}],"about":[{"href":"https:\/\/eigeninitiative-berlin.de\/kpe\/wp-json\/wp\/v2\/types\/page"}],"author":[{"embeddable":true,"href":"https:\/\/eigeninitiative-berlin.de\/kpe\/wp-json\/wp\/v2\/users\/6"}],"replies":[{"embeddable":true,"href":"https:\/\/eigeninitiative-berlin.de\/kpe\/wp-json\/wp\/v2\/comments?post=42"}],"version-history":[{"count":10,"href":"https:\/\/eigeninitiative-berlin.de\/kpe\/wp-json\/wp\/v2\/pages\/42\/revisions"}],"predecessor-version":[{"id":1235,"href":"https:\/\/eigeninitiative-berlin.de\/kpe\/wp-json\/wp\/v2\/pages\/42\/revisions\/1235"}],"wp:attachment":[{"href":"https:\/\/eigeninitiative-berlin.de\/kpe\/wp-json\/wp\/v2\/media?parent=42"}],"curies":[{"name":"wp","href":"https:\/\/api.w.org\/{rel}","templated":true}]}}