{"id":1188,"date":"2023-09-08T13:02:28","date_gmt":"2023-09-08T11:02:28","guid":{"rendered":"https:\/\/eigeninitiative-berlin.de\/kpe\/?page_id=1188"},"modified":"2026-02-05T13:22:05","modified_gmt":"2026-02-05T12:22:05","slug":"herbst_2023","status":"publish","type":"page","link":"https:\/\/eigeninitiative-berlin.de\/kpe\/","title":{"rendered":"Aktuell &#038; Brisant &#8211; Winter 2026"},"content":{"rendered":"<h1>Informationen f\u00fcr pflegende Angeh\u00f6rige<\/h1>\n<h2><em>Aktuelles<\/em><\/h2>\n<h4>Gruppenneugr\u00fcndung:<br \/>\nPartner*in von fr\u00fch demenziell Erkrankten<\/h4>\n<p>Bei Menschen, die bereits vor dem 65. Lebensjahr Symptome anzeigen, spricht man von einer &#8222;fr\u00fchen Demenzerkrankung&#8220; oder &#8222;Fr\u00fchdemenz&#8220;. Manche erwischt die Diagnose am Lebensabend, andere stehen noch mitten im Berufsleben. Allen zieht es zun\u00e4chst den Boden unter den F\u00fc\u00dfen weg.<\/p>\n<p>Diese Gruppe soll einen sicheren und verl\u00e4sslichen Rahmen f\u00fcr Menschen bieten, deren Partner*in vor dem 65. Lebensjahr die Diagnose Demenz erhalten haben. Es soll ein Raum geschaffen werden, indem sich Angeh\u00f6rige untereinander austauschen und entlasten k\u00f6nnen. Unterst\u00fctzend stehen hier hauptamtliche Sozialp\u00e4dagogen im hintergrund, die die Koordinierung der Gruppe begleiten.<\/p>\n<p><em><img loading=\"lazy\" decoding=\"async\" class=\" wp-image-1225 aligncenter\" src=\"https:\/\/eigeninitiative-berlin.de\/kpe\/wp-content\/uploads\/2024\/05\/Postkarte-vorne-213x300.png\" alt=\"\" width=\"280\" height=\"394\" srcset=\"https:\/\/eigeninitiative-berlin.de\/kpe\/wp-content\/uploads\/2024\/05\/Postkarte-vorne-213x300.png 213w, https:\/\/eigeninitiative-berlin.de\/kpe\/wp-content\/uploads\/2024\/05\/Postkarte-vorne.png 497w\" sizes=\"auto, (max-width: 280px) 100vw, 280px\" \/><\/em><em>Die Gruppe findet am 3. Donnerstag eines Monats von 17:30 Uhr bis 19:30 Uhr statt.<br \/>\n<\/em><em>Interessierte melden sich gerne telefonisch, per Mail oder pers\u00f6nlich in der Kontaktstelle.<\/em><\/p>\n<h4><a href=\"https:\/\/eigeninitiative-berlin.de\/kpe\/wp-content\/uploads\/2023\/10\/KPE-Treptow_PosterA4_Achtsame-Pause_korr2-1.pdf\">Achtsame Pause<\/a><\/h4>\n<p><img loading=\"lazy\" decoding=\"async\" class=\"wp-image-1195 aligncenter\" src=\"https:\/\/eigeninitiative-berlin.de\/kpe\/wp-content\/uploads\/2023\/10\/ap1-300x131.png\" alt=\"\" width=\"396\" height=\"173\" srcset=\"https:\/\/eigeninitiative-berlin.de\/kpe\/wp-content\/uploads\/2023\/10\/ap1-300x131.png 300w, https:\/\/eigeninitiative-berlin.de\/kpe\/wp-content\/uploads\/2023\/10\/ap1-768x335.png 768w, https:\/\/eigeninitiative-berlin.de\/kpe\/wp-content\/uploads\/2023\/10\/ap1.png 910w\" sizes=\"auto, (max-width: 396px) 100vw, 396px\" \/><\/p>\n<p><img loading=\"lazy\" decoding=\"async\" class=\"wp-image-1196 aligncenter\" src=\"https:\/\/eigeninitiative-berlin.de\/kpe\/wp-content\/uploads\/2023\/10\/ap2-300x132.png\" alt=\"\" width=\"386\" height=\"170\" srcset=\"https:\/\/eigeninitiative-berlin.de\/kpe\/wp-content\/uploads\/2023\/10\/ap2-300x132.png 300w, https:\/\/eigeninitiative-berlin.de\/kpe\/wp-content\/uploads\/2023\/10\/ap2-768x337.png 768w, https:\/\/eigeninitiative-berlin.de\/kpe\/wp-content\/uploads\/2023\/10\/ap2.png 914w\" sizes=\"auto, (max-width: 386px) 100vw, 386px\" \/><\/p>\n<p><img loading=\"lazy\" decoding=\"async\" class=\"wp-image-1197 aligncenter\" src=\"https:\/\/eigeninitiative-berlin.de\/kpe\/wp-content\/uploads\/2023\/10\/ap3-300x144.png\" alt=\"\" width=\"388\" height=\"186\" srcset=\"https:\/\/eigeninitiative-berlin.de\/kpe\/wp-content\/uploads\/2023\/10\/ap3-300x144.png 300w, https:\/\/eigeninitiative-berlin.de\/kpe\/wp-content\/uploads\/2023\/10\/ap3-768x370.png 768w, https:\/\/eigeninitiative-berlin.de\/kpe\/wp-content\/uploads\/2023\/10\/ap3.png 914w\" sizes=\"auto, (max-width: 388px) 100vw, 388px\" \/><\/p>\n<p><a href=\"https:\/\/eigeninitiative-berlin.de\/kpe\/wp-content\/uploads\/2023\/10\/KPE-Treptow_PosterA4_Achtsame-Pause_korr2-1.pdf\">&gt;&gt; Link zum Poster &lt;&lt;<\/a><\/p>\n<div class=\"indented-row\">\n<p><strong>Verdeutlichen von Wertsch\u00e4tzung und Empathie f\u00fcr gegenseitiges Verst\u00e4ndnis.<\/strong><\/p>\n<p>Zuh\u00f6ren und\u00a0Wahrnehmen des individuellen Anliegens sind genauso wichtig wie die fachlich korrekte\u00a0Einsch\u00e4tzung in der Einzelfallbegutachtung.<\/p>\n<p><strong>Qualit\u00e4tsorientierung.<\/strong><\/p>\n<p>Die Leistungen des Servicetelefons Pflegebegutachtung werden einheitlich dokumentiert, statistisch erfasst und ausgewertet. Zus\u00e4tzlich sollen in regelm\u00e4\u00dfigen Abst\u00e4nden Zufriedenheitsbefragungen stattfinden, die Entwicklungspotenziale verdeutlichen.<\/p>\n<p>Das Servicetelefon Pflegebegutachtung steht der \u00d6ffentlichkeit seit dem 01.10.2021 zur Verf\u00fcgung. Alle pflegefachlichen Gutachter und Gutachterinnen unseres Medizinischen Dienstes verteilen seither Infokarten (siehe Anhang) in ihren Hausbesuchen, sodass allen Antragstellern unsere Kontaktdaten auch nach dem Hausbesuch zur Verf\u00fcgung stehen. Die M\u00f6glichkeit der Kontaktaufnahme mit uns besteht von Montag bis Donnerstag von 8:00 Uhr \u2013 16:00 Uhr, sowie am Freitag von 8:00 Uhr \u2013 15:00 Uhr \u00fcber unsere Servicetelefonnummer 030 \u2013 202023 4000. Dar\u00fcber hinaus steht auf unserer Homepage <a href=\"http:\/\/www.md-bb.org\">www.md-bb.org<\/a> das Kontaktformular Pflege zur Verf\u00fcgung, \u00fcber das ein Anrufwunsch an uns weitergeleitet werden kann.<\/p>\n<p>[\/toggle]<\/p>\n<p>Brosch\u00fcren<\/p>\n<div class=\"omsc-toggle\"><div class=\"omsc-toggle-title\">Brosch\u00fcre: Trautes Heim. Digitale Helfer f\u00fcr ein selbstbestimmtes Leben in den eigenen vier W\u00e4nden<\/div><div class=\"omsc-toggle-inner\"><\/p>\n<p>Das Kompetenzzentrum 4.0 hat zwei neue Brosch\u00fcre herausgebracht. Zum einen \u201eTrautes Heim. Digitale Helfer f\u00fcr ein selbstbestimmtes Leben in den eigenen vier W\u00e4nden\u201c. Sie stellt verschiedene digitale L\u00f6sungen f\u00fcr die H\u00e4uslichkeit im Pflegekontext vor. Getrennt nach Wohnbereichen werden verschiedene M\u00f6glichkeiten vorgestellt. Angesprochen werden vordergr\u00fcndig \u00e4ltere Menschen.<\/p>\n<p>Hier finden Sie die PDF-Version: <a href=\"https:\/\/eigeninitiative-berlin.de\/kpe\/wp-content\/uploads\/2022\/03\/Broschuere_Trautes-Heim.pdf\">Brosch\u00fcre_Trautes Heim<\/a><\/p>\n<p><em>Die zweite ver\u00f6ffentlichte Brosch\u00fcre: &#8222;Dabei sein. Digital gest\u00fctzte Pflegetechnik f\u00fcr Sie &#8211; Mehr Lebensqualit\u00e4t und Teilhabe&#8220; finden Sie in einem anderen Fenster.<\/em><\/p>\n<p>Weitere interessante Beitr\u00e4ge zum Thema Digitalisisierung und Pflege finden Sie auf der Homepage vom Kompetenzzentrum 4.0: <a href=\"https:\/\/www.lebenpflegedigital.de\/\">https:\/\/www.lebenpflegedigital.de\/<\/a><\/p>\n<p><\/div><\/div>\n<div class=\"omsc-toggle\"><div class=\"omsc-toggle-title\">Brosch\u00fcre: Dabei sein. Digital gest\u00fcrzte Pflegetechnik f\u00fcr Sie - mehr Lebensqualit\u00e4t und Teilhabe<\/div><div class=\"omsc-toggle-inner\"><\/p>\n<p>Das Kompetenzzentrum 4.0 hat zwei neue Brosch\u00fcre herausgebracht. Eine von Ihnen tr\u00e4gt den Titel &#8222;Dabei sein. Digital gest\u00fctzte Pflegetechnik f\u00fcr Sie &#8211; Mehr Lebensqualit\u00e4t und Teilhabe&#8220;. Sie stellt verschiedene digitale L\u00f6sungen differenziert nach verschiedenen Pflegegeraden vor und wendet sich vornehmlich an Bewohner*innen in Pflegeeinrichtungen.<\/p>\n<p>Hier finden Sie die PDF-Version: <a href=\"https:\/\/eigeninitiative-berlin.de\/kpe\/wp-content\/uploads\/2022\/03\/Broschuere_Dabei-sein.pdf\">Brosch\u00fcre_Dabei sein<\/a><\/p>\n<p><em>Die andere ver\u00f6ffentlichte Brosch\u00fcre: &#8222;Trautes Heim. Digitale Helfer f\u00fcr ein selbstbestimmtes Leben in den eigenen vier W\u00e4nden&#8220; finden Sie in einem anderen Fenster.<\/em><\/p>\n<p>Weitere interessante Beitr\u00e4ge zum Thema Digitalisisierung und Pflege finden Sie auf der Homepage vom Kompetenzzentrum 4.0: <a href=\"https:\/\/www.lebenpflegedigital.de\/\">https:\/\/www.lebenpflegedigital.de\/<\/a><\/p>\n<p><\/div><\/div>\n<div class=\"omsc-toggle\"><div class=\"omsc-toggle-title\">Brosch\u00fcre: Wenn \u00e4ltere pflegebed\u00fcrftige Menschen lebensm\u00fcde sind<\/div><div class=\"omsc-toggle-inner\"><\/p>\n<p>Das Zentrum f\u00fcr Qualit\u00e4t in der Pflege hat einen Kurz-Ratbegeber herausgegeben, welcher knapp zusammen fasst, woran man Lebensm\u00fcdigkeit erkennen, welche Ursachen sie haben kann und gibt Hinweise zu Unterst\u00fctzungs-m\u00f6glichkeiten. Die Ausgabe kann bestellt werden oder Online heruntergeladen werden.<\/p>\n<p>Hier finden Sie den direkten Link: <a href=\"https:\/\/www.zqp.de\/lebensmuedigkeit-pflegebeduerftige\/\">https:\/\/www.zqp.de\/lebensmuedigkeit-pflegebeduerftige\/<\/a><\/p>\n<p>Das PDF k\u00f6nnen Sie bereits hier einsehen: <a href=\"https:\/\/eigeninitiative-berlin.de\/kpe\/wp-content\/uploads\/2022\/03\/ZQP_Einblick_Lebensmuedigkeit.pdf\">ZQP_Einblick_Lebensmuedigkeit<\/a><\/p>\n<p><\/div><\/div>\n<div class=\"omsc-toggle\"><div class=\"omsc-toggle-title\">Nicht immer einfach - Brosch\u00fcre \u00fcber Beratungs- und Unterst\u00fctzungsangebote f\u00fcr pflegende Angeh\u00f6rige<\/div><div class=\"omsc-toggle-inner\"><\/p>\n<p>Die Senatsverwaltung f\u00fcr Gesundheit, Pflege und Gleichstellung hat mit der Fachstelle f\u00fcr pflegende Angeh\u00f6rige eine aktualisierte \u00dcbersicht \u00fcber Unterst\u00fctzungsangebote f\u00fcr pflegende Angeh\u00f6rige ver\u00f6ffentlicht. Hier finden Sie Anlaufstellen, Notfalleinrichtungen und andere Unterst\u00fctzungangebote, die auch spezielle Hilfsangebote unter der Pandemie aufzeigen.<\/p>\n<p><a href=\"https:\/\/eigeninitiative-berlin.de\/kpe\/wp-content\/uploads\/2022\/01\/blacktowild_nicht_immer_einfach_broschuere.pdf\">blacktowild_nicht_immer_einfach_broschuere<\/a><\/p>\n<p>Sie k\u00f6nnen sich gern auch an uns wenden. Wir haben einige Brosch\u00fcren vorr\u00e4tig und h\u00e4ndigen diese an Sie aus oder senden Ihnen ein Exemplar zu.<\/p>\n<p><\/div><\/div>\n<div class=\"omsc-toggle\"><div class=\"omsc-toggle-title\">Entscheidungshilfen f\u00fcr <em>Betreutes Wohnen<\/em> und <em>Senioren-und Pflegeheime<\/em> der BAGSO neu herausgegeben <\/div><div class=\"omsc-toggle-inner\"><\/p>\n<p>Mit der Pressemitteilung vom 26.1.2022 hat die BAGSO \u00fcber ihre neuen Publikationen berichtet (an dieser Stelle wird der Pressetext zitiert):<\/p>\n<p><strong>Entscheidungshilfen der BAGSO in aktualisierter Neuauflage erschienen<\/strong><\/p>\n<p>Die Entscheidung f\u00fcr den Einzug in eine station\u00e4re Wohnform im Alter will gut vorbereitet sein. Zwei Ver\u00f6ffentlichungen der BAGSO \u2013 Bundesarbeitsgemeinschaft der Seniorenorganisationen bieten dazu Orientierung und konkrete Hilfestellung. Neben grunds\u00e4tzlichen Informationen enthalten die beiden Publikationen \u201eBetreutes Wohnen\u201c und \u201eDas richtige Senioren- und Pflegeheim\u201c detaillierte Checklisten, die bei der Recherche und beim Besuch der ausgew\u00e4hlten Einrichtungen hilfreich sind.<\/p>\n<p>Anhand eines Fragenkatalogs lassen sich Schritt f\u00fcr Schritt Qualit\u00e4t und Leistungen verschiedener Anbieter bewerten und vergleichen. In den Blick genommen werden unter anderem die Lage und das Umfeld, die Wohnung bzw. der Wohnbereich, die Atmosph\u00e4re im Haus und die angebotenen Leistungen. \u00dcber ein Punktesystem kann ein Gesamtergebnis ermittelt werden. Die Checklisten k\u00f6nnen helfen, eine fundierte Entscheidung f\u00fcr eine passende Einrichtung zu treffen.<\/p>\n<p>Die Checklisten wurden in Kooperation mit dem BIVA-Pflegeschutzbund \u2013 Bundesinteressenvertretung f\u00fcr alte und pflegebetroffene Menschen erarbeitet. Sie wurden mit finanzieller F\u00f6rderung durch das Bundesministerium f\u00fcr Familie, Senioren, Frauen und Jugend aktualisiert und neu aufgelegt. Beide Checklisten k\u00f6nnen heruntergeladen und digital ausgef\u00fcllt werden oder als Druckexemplare \u2013 auch in gr\u00f6\u00dferer St\u00fcckzahl \u2013 kostenfrei bei der BAGSO bestellt werden: <a href=\"https:\/\/www.bagso.de\/publikationen\/\" target=\"_blank\" rel=\"noopener\">www.bagso.de\/publikationen<\/a>.<\/p>\n<p><\/div><\/div>\n<p>Internetseiten\/ Angebote<\/p>\n<div class=\"omsc-toggle\"><div class=\"omsc-toggle-title\">Kompetenzzentrum Pflege 4.0 - eine Hompage zum Thema: Leben - Pflege -Digital<\/div><div class=\"omsc-toggle-inner\"><\/p>\n<p>Auf der Homepage von Leben &#8211; Pflege &#8211; Digital finden Sie viele interessante Beitr\u00e4ge zu dem Thema Pflege und Digitalisierung\/ Technik. Angesprochen werden pflegebed\u00fcrftige Menschen, pflegende Angeh\u00f6rige, aber auch Fachkr\u00e4fte aus dem ambulanten, station\u00e4ren oder beratenden Bereich finden hier Antworten auf m\u00f6gliche Fragen.<\/p>\n<p>F\u00fcr pflegende Angeh\u00f6rige werden digitale\/ technische M\u00f6glichkeiten je nach Situation aufgezeigt, dabei werden ebenfalls Fragen nach der Finanzierung gekl\u00e4rt und ethische Aspekte ber\u00fccksichtigt. Auch eine digitale Musterwohnung kann besichtigt werden. Schauen Sie einfach mal vorbei.<\/p>\n<p><em><span class=\"s1\">Das Vorhaben \u201eLeben \u2013 Pflege \u2013 Digital, Kompetenzzentrum Pflege 4.0\u201c wird aus Mitteln der Senatsverwaltung f\u00fcr Gesundheit, Pflege und Gleichstellung im Rahmen der Initiative \u201ePflege 4.0 \u2013 Made in Berlin\u201c gef\u00f6rdert.<\/span><\/em><\/p>\n<p>Hier der direkte Link: <a href=\"https:\/\/www.lebenpflegedigital.de\/\">https:\/\/www.lebenpflegedigital.de\/<\/a><\/p>\n<p><\/div><\/div>\n<\/div>\n<div class=\"omsc-toggle\"><div class=\"omsc-toggle-title\">kostenlose Pflegerechstberatung von der Verbraucherzentrale Berlin<\/div><div class=\"omsc-toggle-inner\"><\/p>\n<p><strong>Seit dem 24.08.2020<\/strong> startet die Verbraucherzentrale Berlin eine kostenlose Pflegerechtsberatung. Sie bietet Ratsuchenden Verbraucherinnen und Verbraucher eine spezialisierte Rechtsberatung zu ihren Rechten in ambulanter und station\u00e4rer Pflege je nach Pflegesituation und individueller Lebenslage. Dennoch findet keine Rechtsberatung zu den Anspr\u00fcchen gegen\u00fcber den Pflege- und Krankenkassen.<\/p>\n<p>Termine f\u00fcr die Pflegerechtsberatung k\u00f6nnen \u00fcber unser <strong>Termintelefon<\/strong> oder unsere <a href=\"https:\/\/www.verbraucherzentrale-berlin.de\/beratung-be\/terminanfrage\">Online-Terminbuchung<\/a> vereinbart werden.Das\u00a0<strong>Termintelefon<\/strong> erreichen Sie unter <strong>030 214 85-0<\/strong> zu folgenden Zeiten: Montag bis Freitag von 10:00 \u2013 16:00 Uhr.<\/p>\n<p>Weitere Informationen finden Sie auf der Webseite: <a href=\"https:\/\/www.verbraucherzentrale-berlin.de\/gesundheit-pflege\/pflegerechtsberatung-50626\">https:\/\/www.verbraucherzentrale-berlin.de\/gesundheit-pflege\/pflegerechtsberatung-50626<\/a><\/p>\n<p><\/div><\/div>\n<p>Wir wissen, dass die Zeit uns aktuell sehr herausfordert und uns an unsere Grenzen bringen l\u00e4sst. Auch wir k\u00f6nnen noch nicht alle unsere Angebote wieder \u00f6ffnen, dennoch k\u00f6nnen wir Ihnen zuh\u00f6ren. Ein entlastendes, Gespr\u00e4ch kann dabei sehr hilfreich sein. Rufen Sie uns an.<\/p>\n<p>aktualisiert: 05.02.2026<\/p>\n","protected":false},"excerpt":{"rendered":"<p>Informationen f\u00fcr pflegende Angeh\u00f6rige Aktuelles Gruppenneugr\u00fcndung: Partner*in von fr\u00fch demenziell Erkrankten Bei Menschen, die bereits vor dem 65. Lebensjahr Symptome anzeigen, spricht man von einer &#8222;fr\u00fchen Demenzerkrankung&#8220; oder &#8222;Fr\u00fchdemenz&#8220;. Manche erwischt die Diagnose am Lebensabend, andere stehen noch mitten im<\/p>\n","protected":false},"author":5,"featured_media":0,"parent":0,"menu_order":1,"comment_status":"closed","ping_status":"closed","template":"","meta":{"footnotes":""},"class_list":["post-1188","page","type-page","status-publish","hentry"],"publishpress_future_action":{"enabled":false,"date":"2026-04-21 09:27:50","action":"change-status","newStatus":"draft","terms":[],"taxonomy":"","extraData":[]},"publishpress_future_workflow_manual_trigger":{"enabledWorkflows":[]},"_links":{"self":[{"href":"https:\/\/eigeninitiative-berlin.de\/kpe\/wp-json\/wp\/v2\/pages\/1188","targetHints":{"allow":["GET"]}}],"collection":[{"href":"https:\/\/eigeninitiative-berlin.de\/kpe\/wp-json\/wp\/v2\/pages"}],"about":[{"href":"https:\/\/eigeninitiative-berlin.de\/kpe\/wp-json\/wp\/v2\/types\/page"}],"author":[{"embeddable":true,"href":"https:\/\/eigeninitiative-berlin.de\/kpe\/wp-json\/wp\/v2\/users\/5"}],"replies":[{"embeddable":true,"href":"https:\/\/eigeninitiative-berlin.de\/kpe\/wp-json\/wp\/v2\/comments?post=1188"}],"version-history":[{"count":10,"href":"https:\/\/eigeninitiative-berlin.de\/kpe\/wp-json\/wp\/v2\/pages\/1188\/revisions"}],"predecessor-version":[{"id":1240,"href":"https:\/\/eigeninitiative-berlin.de\/kpe\/wp-json\/wp\/v2\/pages\/1188\/revisions\/1240"}],"wp:attachment":[{"href":"https:\/\/eigeninitiative-berlin.de\/kpe\/wp-json\/wp\/v2\/media?parent=1188"}],"curies":[{"name":"wp","href":"https:\/\/api.w.org\/{rel}","templated":true}]}}